{"id":59,"date":"2017-03-24T23:34:02","date_gmt":"2017-03-24T21:34:02","guid":{"rendered":"http:\/\/robotprotection.hu\/?page_id=59"},"modified":"2024-03-08T06:15:59","modified_gmt":"2024-03-08T06:15:59","slug":"kapcsolat","status":"publish","type":"page","link":"https:\/\/robotprotection.hu\/?page_id=59","title":{"rendered":"Kapcsolat"},"content":{"rendered":"\n<p><\/p>\n\n\n\n<div class=\"wp-block-image\"><figure class=\"aligncenter size-large\"><a href=\"https:\/\/www.safety-cover.de\/index.html\"><img loading=\"lazy\" decoding=\"async\" width=\"120\" height=\"150\" src=\"http:\/\/robotprotection.hu\/wp-content\/uploads\/2020\/11\/safety-cover_logo_m_light.png\" alt=\"\" class=\"wp-image-472\"\/><\/a><\/figure><\/div>\n\n\n\n<p class=\"has-text-align-center\"><strong>Kereskedelmi K\u00e9pviselet<\/strong><\/p>\n\n\n\n<p class=\"has-text-align-center\"><strong>Kir\u00e1ly Gyula<\/strong><br><a href=\"mailto:kiraly.gyula@baracuda.hu\" target=\"_blank\" rel=\"noreferrer noopener\">kiraly.gyula@baracuda.hu<\/a><br><a href=\"tel:+36209817576\" title=\"+36 20 981 75 76\">+36 20 981 75 76<\/a><\/p>\n\n\n\n<p class=\"has-text-align-center\">2440 Sz\u00e1zhalombatta, Fogoly u. 19.<br><a href=\"mailto:info@baracuda.hu\">info@baracuda.hu<\/a><br><a href=\"tel:+3623355476\" title=\"\">+36 23 355 476<\/a>, <br><\/p>\n\n\n\n<div class=\"wp-block-image\"><figure class=\"aligncenter size-large is-resized\"><a href=\"https:\/\/www.safety-cover.de\/index.html\"><img loading=\"lazy\" decoding=\"async\" src=\"http:\/\/robotprotection.hu\/wp-content\/uploads\/2020\/11\/geier1.jpg\" alt=\"\" class=\"wp-image-468\" width=\"137\" height=\"178\" srcset=\"https:\/\/robotprotection.hu\/wp-content\/uploads\/2020\/11\/geier1.jpg 313w, https:\/\/robotprotection.hu\/wp-content\/uploads\/2020\/11\/geier1-231x300.jpg 231w\" sizes=\"(max-width: 137px) 100vw, 137px\" \/><\/a><\/figure><\/div>\n\n\n\n<p class=\"has-text-align-center has-vivid-cyan-blue-color has-cyan-bluish-gray-background-color has-text-color has-background\"><strong><a href=\"https:\/\/www.safety-cover.de\/\" target=\"_blank\" rel=\"noopener noreferrer\">https:\/\/www.safety-cover.de<\/a><\/strong><\/p>\n","protected":false},"excerpt":{"rendered":"<p>Kereskedelmi K\u00e9pviselet Kir\u00e1ly Gyulakiraly.gyula@baracuda.hu+36 20 981 75 76 2440 Sz\u00e1zhalombatta, Fogoly u. 19.info@baracuda.hu+36 23 355 476, https:\/\/www.safety-cover.de<\/p>\n","protected":false},"author":2,"featured_media":374,"parent":0,"menu_order":4,"comment_status":"closed","ping_status":"closed","template":"","meta":{"footnotes":""},"class_list":["post-59","page","type-page","status-publish","has-post-thumbnail","czr-hentry"],"aioseo_notices":[],"_links":{"self":[{"href":"https:\/\/robotprotection.hu\/index.php?rest_route=\/wp\/v2\/pages\/59"}],"collection":[{"href":"https:\/\/robotprotection.hu\/index.php?rest_route=\/wp\/v2\/pages"}],"about":[{"href":"https:\/\/robotprotection.hu\/index.php?rest_route=\/wp\/v2\/types\/page"}],"author":[{"embeddable":true,"href":"https:\/\/robotprotection.hu\/index.php?rest_route=\/wp\/v2\/users\/2"}],"replies":[{"embeddable":true,"href":"https:\/\/robotprotection.hu\/index.php?rest_route=%2Fwp%2Fv2%2Fcomments&post=59"}],"version-history":[{"count":19,"href":"https:\/\/robotprotection.hu\/index.php?rest_route=\/wp\/v2\/pages\/59\/revisions"}],"predecessor-version":[{"id":637,"href":"https:\/\/robotprotection.hu\/index.php?rest_route=\/wp\/v2\/pages\/59\/revisions\/637"}],"wp:featuredmedia":[{"embeddable":true,"href":"https:\/\/robotprotection.hu\/index.php?rest_route=\/"}],"wp:attachment":[{"href":"https:\/\/robotprotection.hu\/index.php?rest_route=%2Fwp%2Fv2%2Fmedia&parent=59"}],"curies":[{"name":"wp","href":"https:\/\/api.w.org\/{rel}","templated":true}]}}