{"id":6,"date":"2017-03-22T19:17:48","date_gmt":"2017-03-22T17:17:48","guid":{"rendered":"http:\/\/siterubix.com\/httpdocs\/?page_id=2"},"modified":"2024-10-19T18:48:02","modified_gmt":"2024-10-19T18:48:02","slug":"fooldal","status":"publish","type":"page","link":"https:\/\/robotprotection.hu\/","title":{"rendered":"Robotv\u00e9delem"},"content":{"rendered":"\n<h2 class=\"wp-block-heading\">Ipari robotv\u00e9d\u0151 ruh\u00e1zatok<\/h2>\n\n\n\n<p>Robotv\u00e9delem, iparirobot v\u00e9d\u0151 rendszerek \u00e9s robotv\u00e9d\u0151 ruh\u00e1zat ter\u00fclet\u00e9n nagy tapasztalattal rendelkez\u00fcnk. N\u00e9met partnereink vil\u00e1gszerte vezet\u0151 gy\u00e1rt\u00f3knak sz\u00e1m\u00edtanak.<\/p>\n\n\n\n<p>\u00dcgyfeleink megb\u00edzhat\u00f3 \u00e9s rugalmas partnerk\u00e9nt tartanak sz\u00e1mon benn\u00fcnket az ig\u00e9nyes feladatok hat\u00e9kony \u00e9s \u00e1tfog\u00f3 megold\u00e1saiban. Nagy hangs\u00falyt fektet\u00fcnk a megb\u00edz\u00e1sok gyors \u00e9s min\u0151s\u00e9gi teljes\u00edt\u00e9s\u00e9re.<\/p>\n\n\n\n<p>Ipari \u00e9s m\u0171szaki ter\u00fcleten a v\u00e9d\u0151burkolatok fejleszt\u00e9s\u00e9ben kiv\u00e1l\u00f3an k\u00e9pzett technikusok vesznek r\u00e9szt. A fejleszt\u00e9s id\u0151szak\u00e1ban&nbsp;<span style=\"font-weight: inherit;\">a partnereinkkel&nbsp;<\/span><span style=\"font-weight: inherit;\">szorosan egy\u00fcttm\u0171k\u00f6d\u00fcnk annak \u00e9rdek\u00e9ben, hogy a lehets\u00e9ges m\u00f3dos\u00edt\u00e1si javaslatokat elv\u00e9gezz\u00fck \u00e9s az egyedi ig\u00e9nyeket figyelembe vegy\u00fck.<\/span><\/p>\n\n\n\n<p>A gy\u00e1rt\u00e1sban szakk\u00e9pzett \u00e9s szakosodott szem\u00e9lyzet \u00e1ll rendelkez\u00e9sre. A gy\u00e1rt\u00e1si folyamat minden l\u00e9p\u00e9s\u00e9t ellen\u0151rizz\u00fck, hogy a v\u00e9gfelhaszn\u00e1l\u00f3 min\u0151s\u00e9gi&nbsp;k\u00f6vetelm\u00e9nyeinek megfelelj\u00fcnk.<\/p>\n\n\n\n<figure class=\"wp-block-table is-style-stripes\"><table><tbody><tr><td><img loading=\"lazy\" decoding=\"async\" width=\"500\" height=\"375\" class=\"wp-image-434\" style=\"width: 500px;\" src=\"http:\/\/robotprotection.hu\/wp-content\/uploads\/2020\/11\/roboter11.jpg\" alt=\"\" srcset=\"https:\/\/robotprotection.hu\/wp-content\/uploads\/2020\/11\/roboter11.jpg 600w, https:\/\/robotprotection.hu\/wp-content\/uploads\/2020\/11\/roboter11-300x225.jpg 300w\" sizes=\"(max-width: 500px) 100vw, 500px\" \/><\/td><td><img loading=\"lazy\" decoding=\"async\" width=\"500\" height=\"374\" class=\"wp-image-436\" style=\"width: 500px;\" src=\"http:\/\/robotprotection.hu\/wp-content\/uploads\/2020\/11\/roboter13.jpg\" alt=\"\" srcset=\"https:\/\/robotprotection.hu\/wp-content\/uploads\/2020\/11\/roboter13.jpg 599w, https:\/\/robotprotection.hu\/wp-content\/uploads\/2020\/11\/roboter13-300x224.jpg 300w\" sizes=\"(max-width: 500px) 100vw, 500px\" \/><\/td><\/tr><\/tbody><\/table><figcaption class=\"wp-element-caption\"><em>SafetyCover robotv\u00e9d\u0151 ruh\u00e1zat h\u0151\u00e1ll\u00f3 Aramid sz\u00f6vetb\u0151l, 3 r\u00e9szes, t\u00e9p\u0151z\u00e1ras r\u00f6gz\u00edt\u00e9ssel<\/em><\/figcaption><\/figure>\n\n\n\n<figure class=\"wp-block-table is-style-stripes\"><table><tbody><tr><td><img loading=\"lazy\" decoding=\"async\" width=\"500\" height=\"371\" class=\"wp-image-433\" style=\"width: 500px;\" src=\"http:\/\/robotprotection.hu\/wp-content\/uploads\/2020\/11\/roboter10.jpg\" alt=\"\" srcset=\"https:\/\/robotprotection.hu\/wp-content\/uploads\/2020\/11\/roboter10.jpg 602w, https:\/\/robotprotection.hu\/wp-content\/uploads\/2020\/11\/roboter10-300x223.jpg 300w\" sizes=\"(max-width: 500px) 100vw, 500px\" \/><\/td><td><img loading=\"lazy\" decoding=\"async\" width=\"500\" height=\"376\" class=\"wp-image-435\" style=\"width: 500px;\" src=\"http:\/\/robotprotection.hu\/wp-content\/uploads\/2020\/11\/roboter12.jpg\" alt=\"\" srcset=\"https:\/\/robotprotection.hu\/wp-content\/uploads\/2020\/11\/roboter12.jpg 601w, https:\/\/robotprotection.hu\/wp-content\/uploads\/2020\/11\/roboter12-300x226.jpg 300w\" sizes=\"(max-width: 500px) 100vw, 500px\" \/><\/td><\/tr><\/tbody><\/table><figcaption class=\"wp-element-caption\"><em>SafetyCover t\u00f6bbr\u00e9szes robotv\u00e9d\u0151, a huzatsz\u00f6vet bevonattal<\/em><\/figcaption><\/figure>\n\n\n\n<div class=\"wp-block-group\"><div class=\"wp-block-group__inner-container is-layout-flow wp-block-group-is-layout-flow\">\n<ul class=\"wp-block-list\">\n<li><em><strong>Egyszer haszn\u00e1latos robotv\u00e9d\u0151 huzat v\u00edzb\u00e1zis\u00fa fest\u00e9kekhez<\/strong><\/em><\/li>\n<\/ul>\n\n\n\n<ul class=\"wp-block-list\">\n<li><strong><em>Egyszer haszn\u00e1latos robotv\u00e9d\u0151 huzat old\u00f3szeres fest\u00e9kekhez<\/em><\/strong><\/li>\n<\/ul>\n\n\n\n<ul class=\"wp-block-list\">\n<li><strong><em>Megrendel\u0151 adatai alapj\u00e1n gy\u00e1rtott robotv\u00e9d\u0151 burkolatok<\/em><\/strong><\/li>\n<\/ul>\n\n\n\n<ul class=\"wp-block-list\">\n<li><strong><em>Helysz\u00edni felm\u00e9r\u00e9ssel k\u00e9sz\u00fclt protot\u00edpus alapj\u00e1n gy\u00e1rtott robotv\u00e9d\u0151 ruh\u00e1zat<\/em><\/strong><\/li>\n<\/ul>\n<\/div><\/div>\n\n\n\n<h2 class=\"wp-block-heading has-text-align-center has-light-green-cyan-background-color has-background\"><em><strong>Fanuc \u2013 Kuka \u2013 ABB \u2013 Kawasaki \u2013 Motoman \u2013 Comau \u2013 St\u00e4ubli \u2013 Cloos \u2013 CMA \u2013 Denso \u2013 Epson \u2013 Fuji \u2013 Hjundai \u2013 igm \u2013 Mitsubishi \u2013 Nachi \u2013 Daihen \u2013 Panasonic \u2013 Toshiba \u2013 Yamaha&#8230;<\/strong><\/em><\/h2>\n\n\n\n<div style=\"height:44px\" aria-hidden=\"true\" class=\"wp-block-spacer\"><\/div>\n\n\n\n<figure class=\"wp-block-gallery aligncenter has-nested-images columns-default is-cropped wp-block-gallery-1 is-layout-flex wp-block-gallery-is-layout-flex\">\n<figure class=\"wp-block-image size-large\"><img loading=\"lazy\" decoding=\"async\" width=\"599\" height=\"448\" data-id=\"436\" src=\"https:\/\/robotprotection.hu\/wp-content\/uploads\/2020\/11\/roboter13.jpg\" alt=\"\" class=\"wp-image-436\" srcset=\"https:\/\/robotprotection.hu\/wp-content\/uploads\/2020\/11\/roboter13.jpg 599w, https:\/\/robotprotection.hu\/wp-content\/uploads\/2020\/11\/roboter13-300x224.jpg 300w\" sizes=\"(max-width: 599px) 100vw, 599px\" \/><\/figure>\n\n\n\n<figure class=\"wp-block-image size-large\"><img loading=\"lazy\" decoding=\"async\" width=\"600\" height=\"450\" data-id=\"434\" src=\"https:\/\/robotprotection.hu\/wp-content\/uploads\/2020\/11\/roboter11.jpg\" alt=\"\" class=\"wp-image-434\" srcset=\"https:\/\/robotprotection.hu\/wp-content\/uploads\/2020\/11\/roboter11.jpg 600w, https:\/\/robotprotection.hu\/wp-content\/uploads\/2020\/11\/roboter11-300x225.jpg 300w\" sizes=\"(max-width: 600px) 100vw, 600px\" \/><\/figure>\n\n\n\n<figure class=\"wp-block-image size-large\"><img loading=\"lazy\" decoding=\"async\" width=\"601\" height=\"452\" data-id=\"435\" src=\"https:\/\/robotprotection.hu\/wp-content\/uploads\/2020\/11\/roboter12.jpg\" alt=\"\" class=\"wp-image-435\" srcset=\"https:\/\/robotprotection.hu\/wp-content\/uploads\/2020\/11\/roboter12.jpg 601w, https:\/\/robotprotection.hu\/wp-content\/uploads\/2020\/11\/roboter12-300x226.jpg 300w\" sizes=\"(max-width: 601px) 100vw, 601px\" \/><\/figure>\n\n\n\n<figure class=\"wp-block-image size-large\"><img loading=\"lazy\" decoding=\"async\" width=\"602\" height=\"447\" data-id=\"433\" src=\"https:\/\/robotprotection.hu\/wp-content\/uploads\/2020\/11\/roboter10.jpg\" alt=\"\" class=\"wp-image-433\" srcset=\"https:\/\/robotprotection.hu\/wp-content\/uploads\/2020\/11\/roboter10.jpg 602w, https:\/\/robotprotection.hu\/wp-content\/uploads\/2020\/11\/roboter10-300x223.jpg 300w\" sizes=\"(max-width: 602px) 100vw, 602px\" \/><\/figure>\n\n\n\n<figure class=\"wp-block-image size-large\"><img loading=\"lazy\" decoding=\"async\" width=\"276\" height=\"369\" data-id=\"432\" src=\"https:\/\/robotprotection.hu\/wp-content\/uploads\/2020\/11\/roboter9.jpg\" alt=\"\" class=\"wp-image-432\" srcset=\"https:\/\/robotprotection.hu\/wp-content\/uploads\/2020\/11\/roboter9.jpg 276w, https:\/\/robotprotection.hu\/wp-content\/uploads\/2020\/11\/roboter9-224x300.jpg 224w\" sizes=\"(max-width: 276px) 100vw, 276px\" \/><\/figure>\n\n\n\n<figure class=\"wp-block-image size-large\"><img loading=\"lazy\" decoding=\"async\" width=\"275\" height=\"240\" data-id=\"431\" src=\"https:\/\/robotprotection.hu\/wp-content\/uploads\/2020\/11\/roboter8.jpg\" alt=\"\" class=\"wp-image-431\"\/><\/figure>\n\n\n\n<figure class=\"wp-block-image size-large\"><img loading=\"lazy\" decoding=\"async\" width=\"450\" height=\"480\" data-id=\"430\" src=\"https:\/\/robotprotection.hu\/wp-content\/uploads\/2020\/11\/roboter7.jpg\" alt=\"\" class=\"wp-image-430\" srcset=\"https:\/\/robotprotection.hu\/wp-content\/uploads\/2020\/11\/roboter7.jpg 450w, https:\/\/robotprotection.hu\/wp-content\/uploads\/2020\/11\/roboter7-281x300.jpg 281w\" sizes=\"(max-width: 450px) 100vw, 450px\" \/><\/figure>\n\n\n\n<figure class=\"wp-block-image size-large\"><img loading=\"lazy\" decoding=\"async\" width=\"551\" height=\"411\" data-id=\"429\" src=\"https:\/\/robotprotection.hu\/wp-content\/uploads\/2020\/11\/roboter6.jpg\" alt=\"\" class=\"wp-image-429\" srcset=\"https:\/\/robotprotection.hu\/wp-content\/uploads\/2020\/11\/roboter6.jpg 551w, https:\/\/robotprotection.hu\/wp-content\/uploads\/2020\/11\/roboter6-300x224.jpg 300w\" sizes=\"(max-width: 551px) 100vw, 551px\" \/><\/figure>\n\n\n\n<figure class=\"wp-block-image size-large\"><img loading=\"lazy\" decoding=\"async\" width=\"553\" height=\"412\" data-id=\"428\" src=\"https:\/\/robotprotection.hu\/wp-content\/uploads\/2020\/11\/roboter5.jpg\" alt=\"\" class=\"wp-image-428\" srcset=\"https:\/\/robotprotection.hu\/wp-content\/uploads\/2020\/11\/roboter5.jpg 553w, https:\/\/robotprotection.hu\/wp-content\/uploads\/2020\/11\/roboter5-300x224.jpg 300w\" sizes=\"(max-width: 553px) 100vw, 553px\" \/><\/figure>\n\n\n\n<figure class=\"wp-block-image size-large\"><img loading=\"lazy\" decoding=\"async\" width=\"548\" height=\"387\" data-id=\"427\" src=\"https:\/\/robotprotection.hu\/wp-content\/uploads\/2020\/11\/roboter4.jpg\" alt=\"\" class=\"wp-image-427\" srcset=\"https:\/\/robotprotection.hu\/wp-content\/uploads\/2020\/11\/roboter4.jpg 548w, https:\/\/robotprotection.hu\/wp-content\/uploads\/2020\/11\/roboter4-300x212.jpg 300w\" sizes=\"(max-width: 548px) 100vw, 548px\" \/><\/figure>\n\n\n\n<figure class=\"wp-block-image size-large\"><img loading=\"lazy\" decoding=\"async\" width=\"549\" height=\"412\" data-id=\"426\" src=\"https:\/\/robotprotection.hu\/wp-content\/uploads\/2020\/11\/roboter3.jpg\" alt=\"\" class=\"wp-image-426\" srcset=\"https:\/\/robotprotection.hu\/wp-content\/uploads\/2020\/11\/roboter3.jpg 549w, https:\/\/robotprotection.hu\/wp-content\/uploads\/2020\/11\/roboter3-300x225.jpg 300w\" sizes=\"(max-width: 549px) 100vw, 549px\" \/><\/figure>\n\n\n\n<figure class=\"wp-block-image size-large\"><img loading=\"lazy\" decoding=\"async\" width=\"552\" height=\"412\" data-id=\"425\" src=\"https:\/\/robotprotection.hu\/wp-content\/uploads\/2020\/11\/roboter2.jpg\" alt=\"\" class=\"wp-image-425\" srcset=\"https:\/\/robotprotection.hu\/wp-content\/uploads\/2020\/11\/roboter2.jpg 552w, https:\/\/robotprotection.hu\/wp-content\/uploads\/2020\/11\/roboter2-300x224.jpg 300w\" sizes=\"(max-width: 552px) 100vw, 552px\" \/><\/figure>\n<figcaption class=\"blocks-gallery-caption wp-element-caption\">SafetyCover robotv\u00e9d\u0151 ruh\u00e1zat<\/figcaption><\/figure>\n\n\n\n<div class=\"wp-block-buttons is-content-justification-left is-layout-flex wp-container-core-buttons-is-layout-1 wp-block-buttons-is-layout-flex\">\n<div class=\"wp-block-button\"><a class=\"wp-block-button__link has-vivid-cyan-blue-color has-black-background-color has-text-color has-background wp-element-button\" href=\"https:\/\/robotprotection.hu\/?page_id=209\" target=\"_blank\" rel=\"noreferrer noopener\"><strong><em>Aj\u00e1nlatk\u00e9r\u0151 adatlaphoz<\/em><\/strong><\/a><\/div>\n<\/div>\n\n\n\n<p><\/p>\n","protected":false},"excerpt":{"rendered":"<p>Ipari robotv\u00e9d\u0151 ruh\u00e1zatok Robotv\u00e9delem, iparirobot v\u00e9d\u0151 rendszerek \u00e9s robotv\u00e9d\u0151 ruh\u00e1zat ter\u00fclet\u00e9n nagy tapasztalattal rendelkez\u00fcnk. N\u00e9met partnereink vil\u00e1gszerte vezet\u0151 gy\u00e1rt\u00f3knak sz\u00e1m\u00edtanak. \u00dcgyfeleink megb\u00edzhat\u00f3 \u00e9s rugalmas partnerk\u00e9nt tartanak sz\u00e1mon benn\u00fcnket az ig\u00e9nyes feladatok hat\u00e9kony \u00e9s \u00e1tfog\u00f3 megold\u00e1saiban. Nagy hangs\u00falyt fektet\u00fcnk a megb\u00edz\u00e1sok gyors \u00e9s min\u0151s\u00e9gi teljes\u00edt\u00e9s\u00e9re. Ipari \u00e9s m\u0171szaki ter\u00fcleten a v\u00e9d\u0151burkolatok fejleszt\u00e9s\u00e9ben kiv\u00e1l\u00f3an k\u00e9pzett technikusok vesznek [&hellip;]<\/p>\n","protected":false},"author":2,"featured_media":0,"parent":0,"menu_order":0,"comment_status":"closed","ping_status":"closed","template":"","meta":{"footnotes":""},"class_list":["post-6","page","type-page","status-publish","czr-hentry"],"aioseo_notices":[],"_links":{"self":[{"href":"https:\/\/robotprotection.hu\/index.php?rest_route=\/wp\/v2\/pages\/6"}],"collection":[{"href":"https:\/\/robotprotection.hu\/index.php?rest_route=\/wp\/v2\/pages"}],"about":[{"href":"https:\/\/robotprotection.hu\/index.php?rest_route=\/wp\/v2\/types\/page"}],"author":[{"embeddable":true,"href":"https:\/\/robotprotection.hu\/index.php?rest_route=\/wp\/v2\/users\/2"}],"replies":[{"embeddable":true,"href":"https:\/\/robotprotection.hu\/index.php?rest_route=%2Fwp%2Fv2%2Fcomments&post=6"}],"version-history":[{"count":67,"href":"https:\/\/robotprotection.hu\/index.php?rest_route=\/wp\/v2\/pages\/6\/revisions"}],"predecessor-version":[{"id":645,"href":"https:\/\/robotprotection.hu\/index.php?rest_route=\/wp\/v2\/pages\/6\/revisions\/645"}],"wp:attachment":[{"href":"https:\/\/robotprotection.hu\/index.php?rest_route=%2Fwp%2Fv2%2Fmedia&parent=6"}],"curies":[{"name":"wp","href":"https:\/\/api.w.org\/{rel}","templated":true}]}}